{"id":16,"date":"2016-10-05T15:52:21","date_gmt":"2016-10-05T15:52:21","guid":{"rendered":"https:\/\/jadragardshotel.se\/?page_id=16"},"modified":"2019-08-24T13:03:22","modified_gmt":"2019-08-24T13:03:22","slug":"om-bygget","status":"publish","type":"page","link":"https:\/\/jadragardshotel.se\/de\/om-bygget\/","title":{"rendered":"\u00dcber das Geb\u00e4ude"},"content":{"rendered":"<p>Die Baugenehmigung ist fertig \ud83d\ude42 2016 07 05 hat nur 11 Monate und 10 Tage gedauert!<\/p>\n<p>Bleibt technische Beratung und Startmeldung.<\/p>\n<p>&amp; #8211; Jetzt, 2017 10 25, hat die Startmeldung etwas mehr als ein Jahr gedauert.<\/p>\n<p>Das Baukomitee in Enk\u00f6ping ist neben dem \u00fcblichen Modewort Certified Accessibility Consultant ehrgeizig.<\/p>\n<p>Alles in allem hat es bei allen Bedingungen \u00fcber zwei Jahre gedauert :-)<\/p>\n<p>Baubeginn jetzt f\u00fcr 2018 kalkuliert und fertig Hotel August 2019<\/p>\n<p>Jetzt fahren wir!<\/p>\n\t\t<div id=\"sbi_mod_error\" >\n\t\t\t<span>Diese Fehlermeldung ist nur f\u00fcr WordPress-Administratoren sichtbar<\/span><br\/>\n\t\t\t<p><strong>Fehler: Kein Feed gefunden.<\/strong>\n\t\t\t<p>Bitte geh zur Instagram-Feed-Einstellungsseite, um einen Feed zu erstellen.<\/p>\n\t\t<\/div>","protected":false},"excerpt":{"rendered":"<p>Bygglovet \u00e4r klart \ud83d\ude42 2016 07 05 tog enbart 11 m\u00e5nader och 10 dagar! \u00c5terst\u00e5r tekniskt samr\u00e5d samt start besked. &#8211; Nu 2017 10 25 har startbeskedet beviljats tog ytterligare drygt ett \u00e5r. Byggnadsn\u00e4mnden i Enk\u00f6ping \u00e4r ambiti\u00f6s ut\u00f6ver det vanliga nya modeordet \u00e4r Certifierad Tillg\u00e4nglighetskonsult. Allt som allt tog det drygt tv\u00e5 \u00e5r f\u00f6r&#160;[&#8230;] <\/p>\n<p><a href=\"https:\/\/jadragardshotel.se\/de\/om-bygget\/\" title=\"\" class=\"more-link\">weiter&#160;lesen&#160;&#8230;<\/a><\/p>\n","protected":false},"author":3,"featured_media":0,"parent":0,"menu_order":0,"comment_status":"closed","ping_status":"closed","template":"","meta":{"_acf_changed":false,"_uag_custom_page_level_css":"","footnotes":""},"class_list":["post-16","page","type-page","status-publish","hentry"],"acf":[],"featured_image_src":null,"featured_image_src_square":null,"uagb_featured_image_src":{"full":false,"thumbnail":false,"medium":false,"medium_large":false,"large":false,"1536x1536":false,"2048x2048":false,"trp-custom-language-flag":false,"post-thumbnail":false,"ab-block-post-grid-landscape":false,"ab-block-post-grid-square":false},"uagb_author_info":{"display_name":"matsthorburn","author_link":"https:\/\/jadragardshotel.se\/de\/author\/matsthorburn\/"},"uagb_comment_info":0,"uagb_excerpt":"Bygglovet \u00e4r klart \ud83d\ude42 2016 07 05 tog enbart 11 m\u00e5nader och 10 dagar! \u00c5terst\u00e5r tekniskt samr\u00e5d samt start besked. &#8211; Nu 2017 10 25 har startbeskedet beviljats tog ytterligare drygt ett \u00e5r. Byggnadsn\u00e4mnden i Enk\u00f6ping \u00e4r ambiti\u00f6s ut\u00f6ver det vanliga nya modeordet \u00e4r Certifierad Tillg\u00e4nglighetskonsult. Allt som allt tog det drygt tv\u00e5 \u00e5r f\u00f6r&#160;[&#8230;]&hellip;","jetpack_sharing_enabled":true,"_links":{"self":[{"href":"https:\/\/jadragardshotel.se\/de\/wp-json\/wp\/v2\/pages\/16","targetHints":{"allow":["GET"]}}],"collection":[{"href":"https:\/\/jadragardshotel.se\/de\/wp-json\/wp\/v2\/pages"}],"about":[{"href":"https:\/\/jadragardshotel.se\/de\/wp-json\/wp\/v2\/types\/page"}],"author":[{"embeddable":true,"href":"https:\/\/jadragardshotel.se\/de\/wp-json\/wp\/v2\/users\/3"}],"replies":[{"embeddable":true,"href":"https:\/\/jadragardshotel.se\/de\/wp-json\/wp\/v2\/comments?post=16"}],"version-history":[{"count":10,"href":"https:\/\/jadragardshotel.se\/de\/wp-json\/wp\/v2\/pages\/16\/revisions"}],"predecessor-version":[{"id":114,"href":"https:\/\/jadragardshotel.se\/de\/wp-json\/wp\/v2\/pages\/16\/revisions\/114"}],"wp:attachment":[{"href":"https:\/\/jadragardshotel.se\/de\/wp-json\/wp\/v2\/media?parent=16"}],"curies":[{"name":"wp","href":"https:\/\/api.w.org\/{rel}","templated":true}]}}