{"id":173,"date":"2019-11-01T09:43:27","date_gmt":"2019-11-01T09:43:27","guid":{"rendered":"https:\/\/jadragardshotel.se\/?page_id=173"},"modified":"2019-11-26T20:00:28","modified_gmt":"2019-11-26T20:00:28","slug":"cykla","status":"publish","type":"page","link":"https:\/\/jadragardshotel.se\/de\/aktiviteter\/cykla\/","title":{"rendered":"Cykla"},"content":{"rendered":"<p>J\u00e4dra G\u00e5rdshotel ligger i Fj\u00e4rdhundraland som sedan urminnes tider har varit befolkat av folk och f\u00e4 som trampat upp stigar och v\u00e4gar p\u00e5 kors och tv\u00e4rs. Dessa idag, mestadels grusade v\u00e4gar, \u00e4r som gjorda f\u00f6r att f\u00e4rdas p\u00e5 med cykel. Missa inte att utforska den idag sprudlande och mycket levande landsbygden i Fj\u00e4rdhundraland. J\u00e4dra G\u00e5rdshotel har f\u00e4rdiga paket med olika cykelturer inklusive kartor, Storyspot, kaffekorg och cykel.<\/p>","protected":false},"excerpt":{"rendered":"<p>J\u00e4dra G\u00e5rdshotel ligger i Fj\u00e4rdhundraland som sedan urminnes tider har varit befolkat av folk och f\u00e4 som trampat upp stigar och v\u00e4gar p\u00e5 kors och tv\u00e4rs. Dessa idag, mestadels grusade v\u00e4gar, \u00e4r som gjorda f\u00f6r att f\u00e4rdas p\u00e5 med cykel. Missa inte att utforska den idag sprudlande och mycket levande landsbygden i Fj\u00e4rdhundraland. J\u00e4dra G\u00e5rdshotel&#160;[&#8230;] <\/p>\n<p><a href=\"https:\/\/jadragardshotel.se\/de\/aktiviteter\/cykla\/\" title=\"\" class=\"more-link\">weiter&#160;lesen&#160;&#8230;<\/a><\/p>\n","protected":false},"author":3,"featured_media":0,"parent":149,"menu_order":0,"comment_status":"closed","ping_status":"closed","template":"","meta":{"_acf_changed":false,"_uag_custom_page_level_css":"","footnotes":""},"class_list":["post-173","page","type-page","status-publish","hentry"],"acf":[],"featured_image_src":null,"featured_image_src_square":null,"uagb_featured_image_src":{"full":false,"thumbnail":false,"medium":false,"medium_large":false,"large":false,"1536x1536":false,"2048x2048":false,"trp-custom-language-flag":false,"post-thumbnail":false,"ab-block-post-grid-landscape":false,"ab-block-post-grid-square":false},"uagb_author_info":{"display_name":"matsthorburn","author_link":"https:\/\/jadragardshotel.se\/de\/author\/matsthorburn\/"},"uagb_comment_info":0,"uagb_excerpt":"J\u00e4dra G\u00e5rdshotel ligger i Fj\u00e4rdhundraland som sedan urminnes tider har varit befolkat av folk och f\u00e4 som trampat upp stigar och v\u00e4gar p\u00e5 kors och tv\u00e4rs. Dessa idag, mestadels grusade v\u00e4gar, \u00e4r som gjorda f\u00f6r att f\u00e4rdas p\u00e5 med cykel. Missa inte att utforska den idag sprudlande och mycket levande landsbygden i Fj\u00e4rdhundraland. J\u00e4dra G\u00e5rdshotel&#160;[&#8230;]&hellip;","jetpack_sharing_enabled":true,"_links":{"self":[{"href":"https:\/\/jadragardshotel.se\/de\/wp-json\/wp\/v2\/pages\/173","targetHints":{"allow":["GET"]}}],"collection":[{"href":"https:\/\/jadragardshotel.se\/de\/wp-json\/wp\/v2\/pages"}],"about":[{"href":"https:\/\/jadragardshotel.se\/de\/wp-json\/wp\/v2\/types\/page"}],"author":[{"embeddable":true,"href":"https:\/\/jadragardshotel.se\/de\/wp-json\/wp\/v2\/users\/3"}],"replies":[{"embeddable":true,"href":"https:\/\/jadragardshotel.se\/de\/wp-json\/wp\/v2\/comments?post=173"}],"version-history":[{"count":4,"href":"https:\/\/jadragardshotel.se\/de\/wp-json\/wp\/v2\/pages\/173\/revisions"}],"predecessor-version":[{"id":291,"href":"https:\/\/jadragardshotel.se\/de\/wp-json\/wp\/v2\/pages\/173\/revisions\/291"}],"up":[{"embeddable":true,"href":"https:\/\/jadragardshotel.se\/de\/wp-json\/wp\/v2\/pages\/149"}],"wp:attachment":[{"href":"https:\/\/jadragardshotel.se\/de\/wp-json\/wp\/v2\/media?parent=173"}],"curies":[{"name":"wp","href":"https:\/\/api.w.org\/{rel}","templated":true}]}}