{"id":26,"date":"2016-10-07T10:50:56","date_gmt":"2016-10-07T10:50:56","guid":{"rendered":"https:\/\/jadragardshotel.se\/?page_id=26"},"modified":"2025-04-28T21:01:54","modified_gmt":"2025-04-28T19:01:54","slug":"kontakt","status":"publish","type":"page","link":"https:\/\/jadragardshotel.se\/de\/kontakt\/","title":{"rendered":"Kontakt"},"content":{"rendered":"<p>Thomas Bj\u00f6rk<\/p>\n<p><a href=\"mailto:thomas@jadra.se\">thomas@jadra.se<\/a><br \/>\n0708 992919<br \/>\nJ\u00e4dra G\u00e5rd V\u00e5rfrukyrka<br \/>\n745 95 Enk\u00f6ping<\/p>\n<p>Bg 156-6025<\/p>\n<p>Swish: 123 2153450<\/p>\n<p><iframe loading=\"lazy\" style=\"border: 0;\" src=\"https:\/\/www.google.com\/maps\/embed?pb=!1m18!1m12!1m3!1d64470.08186972181!2d16.987457460147848!3d59.67144598177982!2m3!1f0!2f0!3f0!3m2!1i1024!2i768!4f13.1!3m3!1m2!1s0x0%3A0xf6dcb0a38792ec60!2zSsOkZHJhIEfDpXJk!5e0!3m2!1ssv!2sse!4v1476698880016\" width=\"100%\" height=\"450\" frameborder=\"0\" allowfullscreen=\"allowfullscreen\"><\/iframe><\/p>","protected":false},"excerpt":{"rendered":"<p>Thomas Bj\u00f6rk thomas@jadra.se 0708 992919 J\u00e4dra G\u00e5rd V\u00e5rfrukyrka 745 95 Enk\u00f6ping Bg 156-6025 Swish: 123 2153450<\/p>","protected":false},"author":3,"featured_media":0,"parent":0,"menu_order":0,"comment_status":"closed","ping_status":"closed","template":"","meta":{"_acf_changed":false,"_uag_custom_page_level_css":"","footnotes":""},"class_list":["post-26","page","type-page","status-publish","hentry"],"acf":[],"featured_image_src":null,"featured_image_src_square":null,"uagb_featured_image_src":{"full":false,"thumbnail":false,"medium":false,"medium_large":false,"large":false,"1536x1536":false,"2048x2048":false,"trp-custom-language-flag":false,"post-thumbnail":false,"ab-block-post-grid-landscape":false,"ab-block-post-grid-square":false},"uagb_author_info":{"display_name":"matsthorburn","author_link":"https:\/\/jadragardshotel.se\/de\/author\/matsthorburn\/"},"uagb_comment_info":0,"uagb_excerpt":"Thomas Bj\u00f6rk thomas@jadra.se 0708 992919 J\u00e4dra G\u00e5rd V\u00e5rfrukyrka 745 95 Enk\u00f6ping Bg 156-6025 Swish: 123 2153450","jetpack_sharing_enabled":true,"_links":{"self":[{"href":"https:\/\/jadragardshotel.se\/de\/wp-json\/wp\/v2\/pages\/26","targetHints":{"allow":["GET"]}}],"collection":[{"href":"https:\/\/jadragardshotel.se\/de\/wp-json\/wp\/v2\/pages"}],"about":[{"href":"https:\/\/jadragardshotel.se\/de\/wp-json\/wp\/v2\/types\/page"}],"author":[{"embeddable":true,"href":"https:\/\/jadragardshotel.se\/de\/wp-json\/wp\/v2\/users\/3"}],"replies":[{"embeddable":true,"href":"https:\/\/jadragardshotel.se\/de\/wp-json\/wp\/v2\/comments?post=26"}],"version-history":[{"count":11,"href":"https:\/\/jadragardshotel.se\/de\/wp-json\/wp\/v2\/pages\/26\/revisions"}],"predecessor-version":[{"id":769,"href":"https:\/\/jadragardshotel.se\/de\/wp-json\/wp\/v2\/pages\/26\/revisions\/769"}],"wp:attachment":[{"href":"https:\/\/jadragardshotel.se\/de\/wp-json\/wp\/v2\/media?parent=26"}],"curies":[{"name":"wp","href":"https:\/\/api.w.org\/{rel}","templated":true}]}}