{"id":283,"date":"2019-11-24T20:41:14","date_gmt":"2019-11-24T20:41:14","guid":{"rendered":"https:\/\/jadragardshotel.se\/?page_id=283"},"modified":"2026-04-03T09:19:52","modified_gmt":"2026-04-03T07:19:52","slug":"boka-aktivitet","status":"publish","type":"page","link":"https:\/\/jadragardshotel.se\/de\/boka-aktivitet\/","title":{"rendered":"Aktivit\u00e4t buchen"},"content":{"rendered":"<p><a href=\"https:\/\/jadragardshotel.se\/de\/aktiviteter\/\">Unsere Pakete<\/a> \u00e4r pricken \u00f6ver i p\u00e5 v\u00e5rt hotell! H\u00e4r kan du l\u00e4gga en f\u00f6rfr\u00e5gan om att boka din aktivitet. <\/p>\n\n\n<div class=\"wp-block-jetpack-contact-form formular is-layout-flex wp-container-jetpack-contact-form-is-layout-faa3ad1c wp-block-jetpack-contact-form-is-layout-flex\"><a href=\"https:\/\/jadragardshotel.se\/de\/boka-aktivitet\/\" target=\"_blank\" rel=\"noopener noreferrer\">Formular einreichen.<\/a><\/div>","protected":false},"excerpt":{"rendered":"<p>V\u00e5ra paket \u00e4r pricken \u00f6ver i p\u00e5 v\u00e5rt hotell! H\u00e4r kan du l\u00e4gga en f\u00f6rfr\u00e5gan om att boka din aktivitet.<\/p>","protected":false},"author":3,"featured_media":0,"parent":0,"menu_order":0,"comment_status":"closed","ping_status":"closed","template":"","meta":{"_acf_changed":false,"_uag_custom_page_level_css":"","footnotes":""},"class_list":["post-283","page","type-page","status-publish","hentry"],"acf":[],"featured_image_src":null,"featured_image_src_square":null,"uagb_featured_image_src":{"full":false,"thumbnail":false,"medium":false,"medium_large":false,"large":false,"1536x1536":false,"2048x2048":false,"trp-custom-language-flag":false,"post-thumbnail":false,"ab-block-post-grid-landscape":false,"ab-block-post-grid-square":false},"uagb_author_info":{"display_name":"matsthorburn","author_link":"https:\/\/jadragardshotel.se\/de\/author\/matsthorburn\/"},"uagb_comment_info":0,"uagb_excerpt":"V\u00e5ra paket \u00e4r pricken \u00f6ver i p\u00e5 v\u00e5rt hotell! H\u00e4r kan du l\u00e4gga en f\u00f6rfr\u00e5gan om att boka din aktivitet.","jetpack_sharing_enabled":true,"_links":{"self":[{"href":"https:\/\/jadragardshotel.se\/de\/wp-json\/wp\/v2\/pages\/283","targetHints":{"allow":["GET"]}}],"collection":[{"href":"https:\/\/jadragardshotel.se\/de\/wp-json\/wp\/v2\/pages"}],"about":[{"href":"https:\/\/jadragardshotel.se\/de\/wp-json\/wp\/v2\/types\/page"}],"author":[{"embeddable":true,"href":"https:\/\/jadragardshotel.se\/de\/wp-json\/wp\/v2\/users\/3"}],"replies":[{"embeddable":true,"href":"https:\/\/jadragardshotel.se\/de\/wp-json\/wp\/v2\/comments?post=283"}],"version-history":[{"count":7,"href":"https:\/\/jadragardshotel.se\/de\/wp-json\/wp\/v2\/pages\/283\/revisions"}],"predecessor-version":[{"id":785,"href":"https:\/\/jadragardshotel.se\/de\/wp-json\/wp\/v2\/pages\/283\/revisions\/785"}],"wp:attachment":[{"href":"https:\/\/jadragardshotel.se\/de\/wp-json\/wp\/v2\/media?parent=283"}],"curies":[{"name":"wp","href":"https:\/\/api.w.org\/{rel}","templated":true}]}}