{"id":628,"date":"2021-05-15T16:04:58","date_gmt":"2021-05-15T14:04:58","guid":{"rendered":"https:\/\/jadragardshotel.se\/?page_id=628"},"modified":"2021-05-15T16:04:59","modified_gmt":"2021-05-15T14:04:59","slug":"bo-som-en-bonde","status":"publish","type":"page","link":"https:\/\/jadragardshotel.se\/de\/bo-som-en-bonde\/","title":{"rendered":"Wohnen wie ein Bauer"},"content":{"rendered":"<figure class=\"wp-block-gallery columns-1 is-cropped wp-block-gallery-1 is-layout-flex wp-block-gallery-is-layout-flex\"><ul class=\"blocks-gallery-grid\"><li class=\"blocks-gallery-item\"><figure><img loading=\"lazy\" decoding=\"async\" width=\"1024\" height=\"1024\" src=\"https:\/\/jadragardshotel.se\/wp-content\/uploads\/2021\/05\/gullefjun-jadra-gard-1024x1024.jpeg\" alt=\"\" data-id=\"629\" data-full-url=\"https:\/\/jadragardshotel.se\/wp-content\/uploads\/2021\/05\/gullefjun-jadra-gard.jpeg\" data-link=\"https:\/\/jadragardshotel.se\/?attachment_id=629\" class=\"wp-image-629\" srcset=\"https:\/\/jadragardshotel.se\/wp-content\/uploads\/2021\/05\/gullefjun-jadra-gard-1024x1024.jpeg 1024w, https:\/\/jadragardshotel.se\/wp-content\/uploads\/2021\/05\/gullefjun-jadra-gard-300x300.jpeg 300w, https:\/\/jadragardshotel.se\/wp-content\/uploads\/2021\/05\/gullefjun-jadra-gard-150x150.jpeg 150w, https:\/\/jadragardshotel.se\/wp-content\/uploads\/2021\/05\/gullefjun-jadra-gard-768x768.jpeg 768w, https:\/\/jadragardshotel.se\/wp-content\/uploads\/2021\/05\/gullefjun-jadra-gard-1536x1536.jpeg 1536w, https:\/\/jadragardshotel.se\/wp-content\/uploads\/2021\/05\/gullefjun-jadra-gard-2048x2048.jpeg 2048w, https:\/\/jadragardshotel.se\/wp-content\/uploads\/2021\/05\/gullefjun-jadra-gard-12x12.jpeg 12w, https:\/\/jadragardshotel.se\/wp-content\/uploads\/2021\/05\/gullefjun-jadra-gard-600x600.jpeg 600w\" sizes=\"auto, (max-width: 1024px) 100vw, 1024px\" \/><figcaption class=\"blocks-gallery-item__caption\">Gullefjun<\/figcaption><\/figure><\/li><\/ul><\/figure>\n\n\n\n<p>Vad tyckte Amelia och Lovisa? Vad var b\u00e4st?<\/p>\n\n\n\n<p>Allt var bra, plocka \u00e4gg hos h\u00f6nsen, skattjakt, pyssla med Stanley, \u00e5ka traktor, Allt var bra!<\/p>\n\n\n\n<p>Tack f\u00f6r det fina betyget!<\/p>","protected":false},"excerpt":{"rendered":"<p>Vad tyckte Amelia och Lovisa? Vad var b\u00e4st? Allt var bra, plocka \u00e4gg hos h\u00f6nsen, skattjakt, pyssla med Stanley, \u00e5ka traktor, Allt var bra! Tack f\u00f6r det fina betyget!<\/p>","protected":false},"author":2,"featured_media":0,"parent":0,"menu_order":0,"comment_status":"closed","ping_status":"closed","template":"","meta":{"_acf_changed":false,"_uag_custom_page_level_css":"","footnotes":""},"class_list":["post-628","page","type-page","status-publish","hentry"],"acf":[],"featured_image_src":null,"featured_image_src_square":null,"uagb_featured_image_src":{"full":false,"thumbnail":false,"medium":false,"medium_large":false,"large":false,"1536x1536":false,"2048x2048":false,"trp-custom-language-flag":false,"post-thumbnail":false,"ab-block-post-grid-landscape":false,"ab-block-post-grid-square":false},"uagb_author_info":{"display_name":"Thomas Bj\u00f6rk","author_link":"https:\/\/jadragardshotel.se\/de\/author\/thomas\/"},"uagb_comment_info":0,"uagb_excerpt":"Vad tyckte Amelia och Lovisa? Vad var b\u00e4st? Allt var bra, plocka \u00e4gg hos h\u00f6nsen, skattjakt, pyssla med Stanley, \u00e5ka traktor, Allt var bra! Tack f\u00f6r det fina betyget!","jetpack_sharing_enabled":true,"_links":{"self":[{"href":"https:\/\/jadragardshotel.se\/de\/wp-json\/wp\/v2\/pages\/628","targetHints":{"allow":["GET"]}}],"collection":[{"href":"https:\/\/jadragardshotel.se\/de\/wp-json\/wp\/v2\/pages"}],"about":[{"href":"https:\/\/jadragardshotel.se\/de\/wp-json\/wp\/v2\/types\/page"}],"author":[{"embeddable":true,"href":"https:\/\/jadragardshotel.se\/de\/wp-json\/wp\/v2\/users\/2"}],"replies":[{"embeddable":true,"href":"https:\/\/jadragardshotel.se\/de\/wp-json\/wp\/v2\/comments?post=628"}],"version-history":[{"count":1,"href":"https:\/\/jadragardshotel.se\/de\/wp-json\/wp\/v2\/pages\/628\/revisions"}],"predecessor-version":[{"id":630,"href":"https:\/\/jadragardshotel.se\/de\/wp-json\/wp\/v2\/pages\/628\/revisions\/630"}],"wp:attachment":[{"href":"https:\/\/jadragardshotel.se\/de\/wp-json\/wp\/v2\/media?parent=628"}],"curies":[{"name":"wp","href":"https:\/\/api.w.org\/{rel}","templated":true}]}}