{"id":149,"date":"2019-09-15T08:43:40","date_gmt":"2019-09-15T08:43:40","guid":{"rendered":"https:\/\/jadragardshotel.se\/?page_id=149"},"modified":"2020-05-27T06:37:25","modified_gmt":"2020-05-27T04:37:25","slug":"aktiviteter","status":"publish","type":"page","link":"https:\/\/jadragardshotel.se\/en\/aktiviteter\/","title":{"rendered":"activities"},"content":{"rendered":"<p><strong>Joy &amp; Knowledge<\/strong><\/p>\n\n\n\n<p>When you come and stay at J\u00e4dra G\u00e5rdshotel, we are happy to tell you what is happening right now and are going on here in <a href=\"https:\/\/www.fjardhundraland.se\/\" class=\"rank-math-link\" target=\"_blank\" rel=\"noopener\">Fj\u00e4rdhundraland<\/a>. <\/p>\n\n\n\n<p>We have many suggestions for fun experiences and exciting packages for you. In common, all our packages spread both knowledge and joy.<\/p>\n\n\n\n<ul class=\"wp-block-list\"><li>A &quot;table table&quot; in the forest<\/li><li>We have tips on hiking trails<\/li><li>We have bike packages with maps, <a href=\"https:\/\/www.storyspot.io\/\" class=\"rank-math-link\" target=\"_blank\" rel=\"noopener\">Story Spot<\/a> Ink. bicycles with a picnic basket. <\/li><li>Guided walks in the medieval town of Enk\u00f6ping<\/li><li>\u00d6rtvandringar<\/li><li>Bird-watching<\/li><li>Bees &amp; Butterflies<\/li><li>Live like a farmer<\/li><li><a href=\"https:\/\/www.horsexplore.se\/sverige-fjardhundra-dressyr-pa-egen-hast\" class=\"rank-math-link\" target=\"_blank\" rel=\"noopener\">Courses in Dressage for horse<\/a><\/li><\/ul>\n\n\n\n<p>The history of Fj\u00e4rdhundraland contains most everything from big kings, wild Vikings to evil pirates.<\/p>\n\n\n\n<p><\/p>\n\n\n\n<p>See our packages below or <a href=\"https:\/\/jadragardshotel.se\/en\/kontakt\/\">contact us for suggestions.<\/a><\/p>\n\n\n\n\t\t\t<div class=\"wp-block-uagb-post-masonry uagb-post-grid  uagb-post__image-position-top uagb-post__image-enabled uagb-block-5eafcd10-3428-4629-b08c-6c7e8eb6c4eb     uagb-post__items uagb-post__columns-3 is-masonry uagb-post__columns-tablet-2 uagb-post__columns-mobile-1\" data-total=\"1\" style=\"\">\n\n\t\t\t\t\t\t\t\t\t\t\t\t<article class=\"uagb-post__inner-wrap\">\t\t\t\t\t\t\t\t<div class='uagb-post__image'>\n\t\t\t\t\t\t\t\t\t<a href=\"https:\/\/jadragardshotel.se\/en\/paket\/bo-som-en-bonde\/\" target=\"_self\" rel=\"bookmark noopener noreferrer\"><img loading=\"lazy\" decoding=\"async\" width=\"1024\" height=\"1024\" src=\"https:\/\/jadragardshotel.se\/wp-content\/uploads\/2020\/03\/jacc88dra-gacc8ardshotel-1024x1024.jpeg\" class=\"attachment-large size-large\" alt=\"\" srcset=\"https:\/\/jadragardshotel.se\/wp-content\/uploads\/2020\/03\/jacc88dra-gacc8ardshotel-1024x1024.jpeg 1024w, https:\/\/jadragardshotel.se\/wp-content\/uploads\/2020\/03\/jacc88dra-gacc8ardshotel-300x300.jpeg 300w, https:\/\/jadragardshotel.se\/wp-content\/uploads\/2020\/03\/jacc88dra-gacc8ardshotel-150x150.jpeg 150w, https:\/\/jadragardshotel.se\/wp-content\/uploads\/2020\/03\/jacc88dra-gacc8ardshotel-768x768.jpeg 768w, https:\/\/jadragardshotel.se\/wp-content\/uploads\/2020\/03\/jacc88dra-gacc8ardshotel-1536x1536.jpeg 1536w, https:\/\/jadragardshotel.se\/wp-content\/uploads\/2020\/03\/jacc88dra-gacc8ardshotel-2048x2048.jpeg 2048w, https:\/\/jadragardshotel.se\/wp-content\/uploads\/2020\/03\/jacc88dra-gacc8ardshotel-600x600.jpeg 600w\" sizes=\"auto, (max-width: 1024px) 100vw, 1024px\" \/>\t\t\t\t\t<\/a>\n\t\t\t\t\t\t\t\t\t<\/div>\n\t\t\t\t\t\t<h4 class=\"uagb-post__title uagb-post__text\">\n\t\t\t\t<a href=\"https:\/\/jadragardshotel.se\/en\/paket\/bo-som-en-bonde\/\" target=\"_self\" rel=\"bookmark noopener noreferrer\">Live like a farmer<\/a>\n\t\t\t<\/h4>\n\t\t\t\t\t\t<div class='uagb-post__text uagb-post-grid-byline'>\n\t\t\t\t\t\t\t<\/div>\n\t\t\t\t\t\t\t<div class='uagb-post__text uagb-post__excerpt'>\n\t\t\t\t\t<p>Bjud dina barn p\u00e5 en bondg\u00e5rds vistelse. L\u00e5t dom andas frisk lantluft och bo som&#8230;\t\t\t\t<\/div>\n\t\t\t\t\t\t<div class=\"uagb-post__text uagb-post__cta wp-block-button\">\n\t\t\t\t<a class=\"wp-block-button__link uagb-text-link\" style=\"\" href=\"https:\/\/jadragardshotel.se\/en\/paket\/bo-som-en-bonde\/\" target=\"_self\" rel=\"bookmark noopener noreferrer\">Read more<\/a>\n\t\t\t<\/div>\n\t\t\t\n\t\t\t\t\t\t\t\t\t<\/article>\n\t\t\t\t\t\t\t\t\t\t\t\t\t\t\t\t<article class=\"uagb-post__inner-wrap\">\t\t\t\t\t\t\t\t<div class='uagb-post__image'>\n\t\t\t\t\t\t\t\t\t<a href=\"https:\/\/jadragardshotel.se\/en\/paket\/lantliv-tradgardsdrommar\/\" target=\"_self\" rel=\"bookmark noopener noreferrer\"><img loading=\"lazy\" decoding=\"async\" width=\"768\" height=\"1024\" src=\"https:\/\/jadragardshotel.se\/wp-content\/uploads\/2019\/12\/enkocc88pings-parker-768x1024.jpg\" class=\"attachment-large size-large\" alt=\"\" srcset=\"https:\/\/jadragardshotel.se\/wp-content\/uploads\/2019\/12\/enkocc88pings-parker-768x1024.jpg 768w, https:\/\/jadragardshotel.se\/wp-content\/uploads\/2019\/12\/enkocc88pings-parker-225x300.jpg 225w, https:\/\/jadragardshotel.se\/wp-content\/uploads\/2019\/12\/enkocc88pings-parker-1152x1536.jpg 1152w, https:\/\/jadragardshotel.se\/wp-content\/uploads\/2019\/12\/enkocc88pings-parker-1536x2048.jpg 1536w, https:\/\/jadragardshotel.se\/wp-content\/uploads\/2019\/12\/enkocc88pings-parker.jpg 1875w\" sizes=\"auto, (max-width: 768px) 100vw, 768px\" \/>\t\t\t\t\t<\/a>\n\t\t\t\t\t\t\t\t\t<\/div>\n\t\t\t\t\t\t<h4 class=\"uagb-post__title uagb-post__text\">\n\t\t\t\t<a href=\"https:\/\/jadragardshotel.se\/en\/paket\/lantliv-tradgardsdrommar\/\" target=\"_self\" rel=\"bookmark noopener noreferrer\">Lantliv &amp; Tr\u00e4dg\u00e5rdsdr\u00f6mmar<\/a>\n\t\t\t<\/h4>\n\t\t\t\t\t\t<div class='uagb-post__text uagb-post-grid-byline'>\n\t\t\t\t\t\t\t<\/div>\n\t\t\t\t\t\t\t<div class='uagb-post__text uagb-post__excerpt'>\n\t\t\t\t\t<p>Lantligt lugn, f\u00e4rgrik blomprakt och rik historia m\u00f6ter dig n\u00e4r du cyklar l\u00e4ngs de slingrande&#8230;\t\t\t\t<\/div>\n\t\t\t\t\t\t<div class=\"uagb-post__text uagb-post__cta wp-block-button\">\n\t\t\t\t<a class=\"wp-block-button__link uagb-text-link\" style=\"\" href=\"https:\/\/jadragardshotel.se\/en\/paket\/lantliv-tradgardsdrommar\/\" target=\"_self\" rel=\"bookmark noopener noreferrer\">Read more<\/a>\n\t\t\t<\/div>\n\t\t\t\n\t\t\t\t\t\t\t\t\t<\/article>\n\t\t\t\t\t\t\t\t\t\t\t\t\t\t\t\t<article class=\"uagb-post__inner-wrap\">\t\t\t\t\t\t\t\t<div class='uagb-post__image'>\n\t\t\t\t\t\t\t\t\t<a href=\"https:\/\/jadragardshotel.se\/en\/paket\/biking-with-vikings\/\" target=\"_self\" rel=\"bookmark noopener noreferrer\"><img loading=\"lazy\" decoding=\"async\" width=\"768\" height=\"1024\" src=\"https:\/\/jadragardshotel.se\/wp-content\/uploads\/2019\/11\/cykla-768x1024.jpg\" class=\"attachment-large size-large\" alt=\"\" srcset=\"https:\/\/jadragardshotel.se\/wp-content\/uploads\/2019\/11\/cykla-768x1024.jpg 768w, https:\/\/jadragardshotel.se\/wp-content\/uploads\/2019\/11\/cykla-225x300.jpg 225w, https:\/\/jadragardshotel.se\/wp-content\/uploads\/2019\/11\/cykla.jpg 1875w\" sizes=\"auto, (max-width: 768px) 100vw, 768px\" \/>\t\t\t\t\t<\/a>\n\t\t\t\t\t\t\t\t\t<\/div>\n\t\t\t\t\t\t<h4 class=\"uagb-post__title uagb-post__text\">\n\t\t\t\t<a href=\"https:\/\/jadragardshotel.se\/en\/paket\/biking-with-vikings\/\" target=\"_self\" rel=\"bookmark noopener noreferrer\">Biking with Vikings<\/a>\n\t\t\t<\/h4>\n\t\t\t\t\t\t<div class='uagb-post__text uagb-post-grid-byline'>\n\t\t\t\t\t\t\t<\/div>\n\t\t\t\t\t\t\t<div class='uagb-post__text uagb-post__excerpt'>\n\t\t\t\t\t<p>Upplev Skandinaviens fascinerande tidiga historia med runstenar, gravplatser och \u00e4ldsta kristna kyrkor. Du cyklar genom&#8230;\t\t\t\t<\/div>\n\t\t\t\t\t\t<div class=\"uagb-post__text uagb-post__cta wp-block-button\">\n\t\t\t\t<a class=\"wp-block-button__link uagb-text-link\" style=\"\" href=\"https:\/\/jadragardshotel.se\/en\/paket\/biking-with-vikings\/\" target=\"_self\" rel=\"bookmark noopener noreferrer\">Read more<\/a>\n\t\t\t<\/div>\n\t\t\t\n\t\t\t\t\t\t\t\t\t<\/article>\n\t\t\t\t\t\t\t\t\t\t\t<\/div>\n\t\t\t\n\n\n<figure class=\"wp-block-image size-large\"><a href=\"https:\/\/www.fjardhundraland.se\/\" target=\"_blank\" rel=\"noopener\"><img loading=\"lazy\" decoding=\"async\" width=\"100\" height=\"100\" src=\"https:\/\/jadragardshotel.se\/wp-content\/uploads\/2020\/03\/medlem-fjacc88rdhundraland-stora-turismpriset-100.png\" alt=\"\" class=\"wp-image-422\"\/><\/a><\/figure>","protected":false},"excerpt":{"rendered":"<p>Gl\u00e4dje &amp; Kunskap N\u00e4r du kommer och bor p\u00e5 J\u00e4dra G\u00e5rdshotel ber\u00e4ttar vi g\u00e4rna vad som just nu h\u00e4nder och p\u00e5g\u00e5r h\u00e4r i fj\u00e4rdhundraland. Vi har m\u00e5nga f\u00f6rslag p\u00e5 roliga upplevelser och sp\u00e4nnande paket f\u00f6r dig. Gemensamt \u00e4r att alla v\u00e5ra paket sprider b\u00e5de kunskap och gl\u00e4dje. Ett \u201ddukat bord\u201d i skogen Vi har tips&#160;[&#8230;] <\/p>\n<p><a href=\"https:\/\/jadragardshotel.se\/en\/aktiviteter\/\" title=\"\" class=\"more-link\">Continue&#160;reading&#160;&#8230;<\/a><\/p>\n","protected":false},"author":3,"featured_media":0,"parent":0,"menu_order":0,"comment_status":"closed","ping_status":"closed","template":"","meta":{"_acf_changed":false,"_uag_custom_page_level_css":"","footnotes":""},"class_list":["post-149","page","type-page","status-publish","hentry"],"acf":[],"featured_image_src":null,"featured_image_src_square":null,"uagb_featured_image_src":{"full":false,"thumbnail":false,"medium":false,"medium_large":false,"large":false,"1536x1536":false,"2048x2048":false,"trp-custom-language-flag":false,"post-thumbnail":false,"ab-block-post-grid-landscape":false,"ab-block-post-grid-square":false},"uagb_author_info":{"display_name":"matsthorburn","author_link":"https:\/\/jadragardshotel.se\/en\/author\/matsthorburn\/"},"uagb_comment_info":0,"uagb_excerpt":"Gl\u00e4dje &amp; Kunskap N\u00e4r du kommer och bor p\u00e5 J\u00e4dra G\u00e5rdshotel ber\u00e4ttar vi g\u00e4rna vad som just nu h\u00e4nder och p\u00e5g\u00e5r h\u00e4r i fj\u00e4rdhundraland. Vi har m\u00e5nga f\u00f6rslag p\u00e5 roliga upplevelser och sp\u00e4nnande paket f\u00f6r dig. Gemensamt \u00e4r att alla v\u00e5ra paket sprider b\u00e5de kunskap och gl\u00e4dje. Ett \u201ddukat bord\u201d i skogen Vi har tips&#160;[&#8230;]&hellip;","jetpack_sharing_enabled":true,"_links":{"self":[{"href":"https:\/\/jadragardshotel.se\/en\/wp-json\/wp\/v2\/pages\/149","targetHints":{"allow":["GET"]}}],"collection":[{"href":"https:\/\/jadragardshotel.se\/en\/wp-json\/wp\/v2\/pages"}],"about":[{"href":"https:\/\/jadragardshotel.se\/en\/wp-json\/wp\/v2\/types\/page"}],"author":[{"embeddable":true,"href":"https:\/\/jadragardshotel.se\/en\/wp-json\/wp\/v2\/users\/3"}],"replies":[{"embeddable":true,"href":"https:\/\/jadragardshotel.se\/en\/wp-json\/wp\/v2\/comments?post=149"}],"version-history":[{"count":21,"href":"https:\/\/jadragardshotel.se\/en\/wp-json\/wp\/v2\/pages\/149\/revisions"}],"predecessor-version":[{"id":514,"href":"https:\/\/jadragardshotel.se\/en\/wp-json\/wp\/v2\/pages\/149\/revisions\/514"}],"wp:attachment":[{"href":"https:\/\/jadragardshotel.se\/en\/wp-json\/wp\/v2\/media?parent=149"}],"curies":[{"name":"wp","href":"https:\/\/api.w.org\/{rel}","templated":true}]}}