{"id":155,"date":"2019-09-15T08:48:03","date_gmt":"2019-09-15T08:48:03","guid":{"rendered":"https:\/\/jadragardshotel.se\/?page_id=155"},"modified":"2023-08-06T06:31:36","modified_gmt":"2023-08-06T04:31:36","slug":"vara-rum","status":"publish","type":"page","link":"https:\/\/jadragardshotel.se\/en\/vara-rum\/","title":{"rendered":"Our rooms"},"content":{"rendered":"<p><em>J\u00e4dra G\u00e5rdshotel has cozy rooms and comfortable beds. All rooms have their own bathroom. TV and free Wifi are of course included.<\/em><\/p>\n\n\n\n<p><\/p>\n\n\n\n<div class=\"wp-block-group\"><div class=\"wp-block-group__inner-container is-layout-flow wp-block-group-is-layout-flow\">\n<figure class=\"wp-block-gallery has-nested-images columns-default is-cropped wp-block-gallery-1 is-layout-flex wp-block-gallery-is-layout-flex\">\n<figure class=\"wp-block-image size-large\"><img loading=\"lazy\" decoding=\"async\" width=\"1024\" height=\"769\" data-id=\"393\" src=\"https:\/\/jadragardshotel.se\/wp-content\/uploads\/2020\/03\/jacc88dra-gacc8ardshotel-191025-169-kopia-1-1024x769.jpg\" alt=\"\" class=\"wp-image-393\" srcset=\"https:\/\/jadragardshotel.se\/wp-content\/uploads\/2020\/03\/jacc88dra-gacc8ardshotel-191025-169-kopia-1-1024x769.jpg 1024w, https:\/\/jadragardshotel.se\/wp-content\/uploads\/2020\/03\/jacc88dra-gacc8ardshotel-191025-169-kopia-1-300x225.jpg 300w, https:\/\/jadragardshotel.se\/wp-content\/uploads\/2020\/03\/jacc88dra-gacc8ardshotel-191025-169-kopia-1-768x577.jpg 768w, https:\/\/jadragardshotel.se\/wp-content\/uploads\/2020\/03\/jacc88dra-gacc8ardshotel-191025-169-kopia-1-1536x1153.jpg 1536w, https:\/\/jadragardshotel.se\/wp-content\/uploads\/2020\/03\/jacc88dra-gacc8ardshotel-191025-169-kopia-1-2048x1538.jpg 2048w\" sizes=\"auto, (max-width: 1024px) 100vw, 1024px\" \/><\/figure>\n\n\n\n<figure class=\"wp-block-image size-large\"><img loading=\"lazy\" decoding=\"async\" width=\"1024\" height=\"769\" data-id=\"406\" src=\"https:\/\/jadragardshotel.se\/wp-content\/uploads\/2020\/03\/jacc88dra-gacc8ardshotel-191025-281-1024x769.jpg\" alt=\"\" class=\"wp-image-406\" srcset=\"https:\/\/jadragardshotel.se\/wp-content\/uploads\/2020\/03\/jacc88dra-gacc8ardshotel-191025-281-1024x769.jpg 1024w, https:\/\/jadragardshotel.se\/wp-content\/uploads\/2020\/03\/jacc88dra-gacc8ardshotel-191025-281-300x225.jpg 300w, https:\/\/jadragardshotel.se\/wp-content\/uploads\/2020\/03\/jacc88dra-gacc8ardshotel-191025-281-768x577.jpg 768w, https:\/\/jadragardshotel.se\/wp-content\/uploads\/2020\/03\/jacc88dra-gacc8ardshotel-191025-281-1536x1153.jpg 1536w, https:\/\/jadragardshotel.se\/wp-content\/uploads\/2020\/03\/jacc88dra-gacc8ardshotel-191025-281-2048x1538.jpg 2048w\" sizes=\"auto, (max-width: 1024px) 100vw, 1024px\" \/><\/figure>\n\n\n\n<figure class=\"wp-block-image size-large\"><img loading=\"lazy\" decoding=\"async\" width=\"1024\" height=\"769\" data-id=\"403\" src=\"https:\/\/jadragardshotel.se\/wp-content\/uploads\/2020\/03\/jacc88dra-gacc8ardshotel-191025-112-1024x769.jpg\" alt=\"\" class=\"wp-image-403\" srcset=\"https:\/\/jadragardshotel.se\/wp-content\/uploads\/2020\/03\/jacc88dra-gacc8ardshotel-191025-112-1024x769.jpg 1024w, https:\/\/jadragardshotel.se\/wp-content\/uploads\/2020\/03\/jacc88dra-gacc8ardshotel-191025-112-300x225.jpg 300w, https:\/\/jadragardshotel.se\/wp-content\/uploads\/2020\/03\/jacc88dra-gacc8ardshotel-191025-112-768x577.jpg 768w, https:\/\/jadragardshotel.se\/wp-content\/uploads\/2020\/03\/jacc88dra-gacc8ardshotel-191025-112-1536x1153.jpg 1536w, https:\/\/jadragardshotel.se\/wp-content\/uploads\/2020\/03\/jacc88dra-gacc8ardshotel-191025-112-2048x1538.jpg 2048w\" sizes=\"auto, (max-width: 1024px) 100vw, 1024px\" \/><\/figure>\n<figcaption class=\"blocks-gallery-caption wp-element-caption\"><em><strong>J\u00e4dra G\u00e5rd<\/strong>s<strong>hotel single room with large comfortable bed<\/strong><\/em><\/figcaption><\/figure>\n<\/div><\/div>\n\n\n\n<div class=\"wp-block-group\"><div class=\"wp-block-group__inner-container is-layout-flow wp-block-group-is-layout-flow\">\n<figure class=\"wp-block-gallery has-nested-images columns-default is-cropped wp-block-gallery-2 is-layout-flex wp-block-gallery-is-layout-flex\">\n<figure class=\"wp-block-image size-large\"><img loading=\"lazy\" decoding=\"async\" width=\"1024\" height=\"769\" data-id=\"394\" src=\"https:\/\/jadragardshotel.se\/wp-content\/uploads\/2020\/03\/jacc88dra-gacc8ardshotel-hocc88g-tillgacc88nglighet-kopia-1-1024x769.jpg\" alt=\"\" class=\"wp-image-394\" srcset=\"https:\/\/jadragardshotel.se\/wp-content\/uploads\/2020\/03\/jacc88dra-gacc8ardshotel-hocc88g-tillgacc88nglighet-kopia-1-1024x769.jpg 1024w, https:\/\/jadragardshotel.se\/wp-content\/uploads\/2020\/03\/jacc88dra-gacc8ardshotel-hocc88g-tillgacc88nglighet-kopia-1-300x225.jpg 300w, https:\/\/jadragardshotel.se\/wp-content\/uploads\/2020\/03\/jacc88dra-gacc8ardshotel-hocc88g-tillgacc88nglighet-kopia-1-768x577.jpg 768w, https:\/\/jadragardshotel.se\/wp-content\/uploads\/2020\/03\/jacc88dra-gacc8ardshotel-hocc88g-tillgacc88nglighet-kopia-1-1536x1153.jpg 1536w, https:\/\/jadragardshotel.se\/wp-content\/uploads\/2020\/03\/jacc88dra-gacc8ardshotel-hocc88g-tillgacc88nglighet-kopia-1-2048x1538.jpg 2048w\" sizes=\"auto, (max-width: 1024px) 100vw, 1024px\" \/><\/figure>\n\n\n\n<figure class=\"wp-block-image size-large\"><img loading=\"lazy\" decoding=\"async\" width=\"1024\" height=\"769\" data-id=\"395\" src=\"https:\/\/jadragardshotel.se\/wp-content\/uploads\/2020\/03\/jacc88dra-gacc8ardshotel-191025-67-kopia-1-1024x769.jpg\" alt=\"\" class=\"wp-image-395\" srcset=\"https:\/\/jadragardshotel.se\/wp-content\/uploads\/2020\/03\/jacc88dra-gacc8ardshotel-191025-67-kopia-1-1024x769.jpg 1024w, https:\/\/jadragardshotel.se\/wp-content\/uploads\/2020\/03\/jacc88dra-gacc8ardshotel-191025-67-kopia-1-300x225.jpg 300w, https:\/\/jadragardshotel.se\/wp-content\/uploads\/2020\/03\/jacc88dra-gacc8ardshotel-191025-67-kopia-1-768x577.jpg 768w, https:\/\/jadragardshotel.se\/wp-content\/uploads\/2020\/03\/jacc88dra-gacc8ardshotel-191025-67-kopia-1-1536x1153.jpg 1536w, https:\/\/jadragardshotel.se\/wp-content\/uploads\/2020\/03\/jacc88dra-gacc8ardshotel-191025-67-kopia-1-2048x1538.jpg 2048w\" sizes=\"auto, (max-width: 1024px) 100vw, 1024px\" \/><\/figure>\n\n\n\n<figure class=\"wp-block-image size-large\"><img loading=\"lazy\" decoding=\"async\" width=\"769\" height=\"1024\" data-id=\"396\" src=\"https:\/\/jadragardshotel.se\/wp-content\/uploads\/2020\/03\/jacc88dra-gacc8ardshotel-191025-287-kopia-1-769x1024.jpg\" alt=\"\" class=\"wp-image-396\" srcset=\"https:\/\/jadragardshotel.se\/wp-content\/uploads\/2020\/03\/jacc88dra-gacc8ardshotel-191025-287-kopia-1-769x1024.jpg 769w, https:\/\/jadragardshotel.se\/wp-content\/uploads\/2020\/03\/jacc88dra-gacc8ardshotel-191025-287-kopia-1-225x300.jpg 225w, https:\/\/jadragardshotel.se\/wp-content\/uploads\/2020\/03\/jacc88dra-gacc8ardshotel-191025-287-kopia-1-768x1023.jpg 768w, https:\/\/jadragardshotel.se\/wp-content\/uploads\/2020\/03\/jacc88dra-gacc8ardshotel-191025-287-kopia-1-1153x1536.jpg 1153w, https:\/\/jadragardshotel.se\/wp-content\/uploads\/2020\/03\/jacc88dra-gacc8ardshotel-191025-287-kopia-1-1538x2048.jpg 1538w, https:\/\/jadragardshotel.se\/wp-content\/uploads\/2020\/03\/jacc88dra-gacc8ardshotel-191025-287-kopia-1.jpg 1877w\" sizes=\"auto, (max-width: 769px) 100vw, 769px\" \/><\/figure>\n<figcaption class=\"blocks-gallery-caption wp-element-caption\"><strong><em>J\u00e4dra G\u00e5rdshotel offers rooms with high availability<\/em><\/strong> <strong>och rum d\u00e4r hundar \u00e4r v\u00e4lkomna!<\/strong><\/figcaption><\/figure>\n\n\n\n<p><\/p>\n<\/div><\/div>","protected":false},"excerpt":{"rendered":"<p>J\u00e4dra G\u00e5rdshotel has cozy rooms and comfortable beds. All rooms have their own bathroom. TV and free Wifi are of course included.<\/p>","protected":false},"author":3,"featured_media":0,"parent":0,"menu_order":0,"comment_status":"closed","ping_status":"closed","template":"","meta":{"_acf_changed":false,"_uag_custom_page_level_css":"","footnotes":""},"class_list":["post-155","page","type-page","status-publish","hentry"],"acf":[],"featured_image_src":null,"featured_image_src_square":null,"uagb_featured_image_src":{"full":false,"thumbnail":false,"medium":false,"medium_large":false,"large":false,"1536x1536":false,"2048x2048":false,"trp-custom-language-flag":false,"post-thumbnail":false,"ab-block-post-grid-landscape":false,"ab-block-post-grid-square":false},"uagb_author_info":{"display_name":"matsthorburn","author_link":"https:\/\/jadragardshotel.se\/en\/author\/matsthorburn\/"},"uagb_comment_info":0,"uagb_excerpt":"J\u00e4dra G\u00e5rdshotel har mysiga rum och sk\u00f6na s\u00e4ngar. Alla rum har egna badrum och att Tv samt fri Wifi finns \u00e4r sj\u00e4lvklart.","jetpack_sharing_enabled":true,"_links":{"self":[{"href":"https:\/\/jadragardshotel.se\/en\/wp-json\/wp\/v2\/pages\/155","targetHints":{"allow":["GET"]}}],"collection":[{"href":"https:\/\/jadragardshotel.se\/en\/wp-json\/wp\/v2\/pages"}],"about":[{"href":"https:\/\/jadragardshotel.se\/en\/wp-json\/wp\/v2\/types\/page"}],"author":[{"embeddable":true,"href":"https:\/\/jadragardshotel.se\/en\/wp-json\/wp\/v2\/users\/3"}],"replies":[{"embeddable":true,"href":"https:\/\/jadragardshotel.se\/en\/wp-json\/wp\/v2\/comments?post=155"}],"version-history":[{"count":17,"href":"https:\/\/jadragardshotel.se\/en\/wp-json\/wp\/v2\/pages\/155\/revisions"}],"predecessor-version":[{"id":667,"href":"https:\/\/jadragardshotel.se\/en\/wp-json\/wp\/v2\/pages\/155\/revisions\/667"}],"wp:attachment":[{"href":"https:\/\/jadragardshotel.se\/en\/wp-json\/wp\/v2\/media?parent=155"}],"curies":[{"name":"wp","href":"https:\/\/api.w.org\/{rel}","templated":true}]}}