{"id":16,"date":"2016-10-05T15:52:21","date_gmt":"2016-10-05T15:52:21","guid":{"rendered":"https:\/\/jadragardshotel.se\/?page_id=16"},"modified":"2019-08-24T13:03:22","modified_gmt":"2019-08-24T13:03:22","slug":"om-bygget","status":"publish","type":"page","link":"https:\/\/jadragardshotel.se\/en\/om-bygget\/","title":{"rendered":"About the building"},"content":{"rendered":"<p>The building permit is ready \ud83d\ude42 2016 07 05 took only 11 months and 10 days!<\/p>\n<p>Remains technical consultation and start message.<\/p>\n<p>- Now 2017 10 25, the start message has been granted took a little over a year.<\/p>\n<p>The building committee in Enk\u00f6ping is ambitious in addition to the usual new fashion word is Certified Accessibility Consultant.<\/p>\n<p>All in all, it took over two years for all conditions :-)<\/p>\n<p>Construction start calculated now for 2018 and ready Hotel August 2019<\/p>\n<p>Here we go!<\/p>\n\t\t<div id=\"sbi_mod_error\" >\n\t\t\t<span>This error message is only visible to WordPress admins<\/span><br\/>\n\t\t\t<p><strong>Error: No feed found.<\/strong>\n\t\t\t<p>Please go to the Instagram Feed settings page to create a feed.<\/p>\n\t\t<\/div>","protected":false},"excerpt":{"rendered":"<p>Bygglovet \u00e4r klart \ud83d\ude42 2016 07 05 tog enbart 11 m\u00e5nader och 10 dagar! \u00c5terst\u00e5r tekniskt samr\u00e5d samt start besked. &#8211; Nu 2017 10 25 har startbeskedet beviljats tog ytterligare drygt ett \u00e5r. Byggnadsn\u00e4mnden i Enk\u00f6ping \u00e4r ambiti\u00f6s ut\u00f6ver det vanliga nya modeordet \u00e4r Certifierad Tillg\u00e4nglighetskonsult. Allt som allt tog det drygt tv\u00e5 \u00e5r f\u00f6r&#160;[&#8230;] <\/p>\n<p><a href=\"https:\/\/jadragardshotel.se\/en\/om-bygget\/\" title=\"\" class=\"more-link\">Continue&#160;reading&#160;&#8230;<\/a><\/p>\n","protected":false},"author":3,"featured_media":0,"parent":0,"menu_order":0,"comment_status":"closed","ping_status":"closed","template":"","meta":{"_acf_changed":false,"_uag_custom_page_level_css":"","footnotes":""},"class_list":["post-16","page","type-page","status-publish","hentry"],"acf":[],"featured_image_src":null,"featured_image_src_square":null,"uagb_featured_image_src":{"full":false,"thumbnail":false,"medium":false,"medium_large":false,"large":false,"1536x1536":false,"2048x2048":false,"trp-custom-language-flag":false,"post-thumbnail":false,"ab-block-post-grid-landscape":false,"ab-block-post-grid-square":false},"uagb_author_info":{"display_name":"matsthorburn","author_link":"https:\/\/jadragardshotel.se\/en\/author\/matsthorburn\/"},"uagb_comment_info":0,"uagb_excerpt":"Bygglovet \u00e4r klart \ud83d\ude42 2016 07 05 tog enbart 11 m\u00e5nader och 10 dagar! \u00c5terst\u00e5r tekniskt samr\u00e5d samt start besked. &#8211; Nu 2017 10 25 har startbeskedet beviljats tog ytterligare drygt ett \u00e5r. Byggnadsn\u00e4mnden i Enk\u00f6ping \u00e4r ambiti\u00f6s ut\u00f6ver det vanliga nya modeordet \u00e4r Certifierad Tillg\u00e4nglighetskonsult. Allt som allt tog det drygt tv\u00e5 \u00e5r f\u00f6r&#160;[&#8230;]&hellip;","jetpack_sharing_enabled":true,"_links":{"self":[{"href":"https:\/\/jadragardshotel.se\/en\/wp-json\/wp\/v2\/pages\/16","targetHints":{"allow":["GET"]}}],"collection":[{"href":"https:\/\/jadragardshotel.se\/en\/wp-json\/wp\/v2\/pages"}],"about":[{"href":"https:\/\/jadragardshotel.se\/en\/wp-json\/wp\/v2\/types\/page"}],"author":[{"embeddable":true,"href":"https:\/\/jadragardshotel.se\/en\/wp-json\/wp\/v2\/users\/3"}],"replies":[{"embeddable":true,"href":"https:\/\/jadragardshotel.se\/en\/wp-json\/wp\/v2\/comments?post=16"}],"version-history":[{"count":10,"href":"https:\/\/jadragardshotel.se\/en\/wp-json\/wp\/v2\/pages\/16\/revisions"}],"predecessor-version":[{"id":114,"href":"https:\/\/jadragardshotel.se\/en\/wp-json\/wp\/v2\/pages\/16\/revisions\/114"}],"wp:attachment":[{"href":"https:\/\/jadragardshotel.se\/en\/wp-json\/wp\/v2\/media?parent=16"}],"curies":[{"name":"wp","href":"https:\/\/api.w.org\/{rel}","templated":true}]}}