{"id":175,"date":"2019-11-01T09:43:54","date_gmt":"2019-11-01T09:43:54","guid":{"rendered":"https:\/\/jadragardshotel.se\/?page_id=175"},"modified":"2019-11-02T13:28:24","modified_gmt":"2019-11-02T13:28:24","slug":"natur","status":"publish","type":"page","link":"https:\/\/jadragardshotel.se\/en\/aktiviteter\/natur\/","title":{"rendered":"Nature"},"content":{"rendered":"<p>J\u00e4dra G\u00e5rdshotel is located with nature around the corner in Fj\u00e4rdhundraland. Here, the people and the Vikings have lived and eaten for thousands of years. We at J\u00e4dra G\u00e5rdshotel would like to spread the good flavors of the local food and culture. We are happy to tell you about hikes and bike rides that you can do in nature and the surroundings in Fj\u00e4rdhundraland. <\/p>\n\n\n\n<p><strong>Book a table in the forest<\/strong><\/p>\n\n\n\n<p>Welcome to take part in nature. We are happy to arrange a meal with what nature and Fj\u00e4rdhundraland&#039;s local food craftsmen can offer at a table in the forest. There you have the stars like the roof and the earth like the floor and the silence all around.<\/p>","protected":false},"excerpt":{"rendered":"<p>J\u00e4dra G\u00e5rdshotel ligger med naturen runt h\u00f6rnet i Fj\u00e4rdhundraland. H\u00e4r har folk och vikingarna levt och \u00e4tit sedan tusentals \u00e5r. Vi p\u00e5 J\u00e4dra G\u00e5rdshotel vill g\u00e4rna sprid de goda smakerna av den lokala maten och kulturen. Vi ber\u00e4ttar g\u00e4rna om vandringar och cykelturer som Du kan g\u00f6ra i naturen och omgivningarna i Fj\u00e4rdhundraland. Boka ett&#160;[&#8230;] <\/p>\n<p><a href=\"https:\/\/jadragardshotel.se\/en\/aktiviteter\/natur\/\" title=\"\" class=\"more-link\">Continue&#160;reading&#160;&#8230;<\/a><\/p>\n","protected":false},"author":3,"featured_media":0,"parent":149,"menu_order":0,"comment_status":"closed","ping_status":"closed","template":"","meta":{"_acf_changed":false,"_uag_custom_page_level_css":"","footnotes":""},"class_list":["post-175","page","type-page","status-publish","hentry"],"acf":[],"featured_image_src":null,"featured_image_src_square":null,"uagb_featured_image_src":{"full":false,"thumbnail":false,"medium":false,"medium_large":false,"large":false,"1536x1536":false,"2048x2048":false,"trp-custom-language-flag":false,"post-thumbnail":false,"ab-block-post-grid-landscape":false,"ab-block-post-grid-square":false},"uagb_author_info":{"display_name":"matsthorburn","author_link":"https:\/\/jadragardshotel.se\/en\/author\/matsthorburn\/"},"uagb_comment_info":0,"uagb_excerpt":"J\u00e4dra G\u00e5rdshotel ligger med naturen runt h\u00f6rnet i Fj\u00e4rdhundraland. H\u00e4r har folk och vikingarna levt och \u00e4tit sedan tusentals \u00e5r. Vi p\u00e5 J\u00e4dra G\u00e5rdshotel vill g\u00e4rna sprid de goda smakerna av den lokala maten och kulturen. Vi ber\u00e4ttar g\u00e4rna om vandringar och cykelturer som Du kan g\u00f6ra i naturen och omgivningarna i Fj\u00e4rdhundraland. Boka ett&#160;[&#8230;]&hellip;","jetpack_sharing_enabled":true,"_links":{"self":[{"href":"https:\/\/jadragardshotel.se\/en\/wp-json\/wp\/v2\/pages\/175","targetHints":{"allow":["GET"]}}],"collection":[{"href":"https:\/\/jadragardshotel.se\/en\/wp-json\/wp\/v2\/pages"}],"about":[{"href":"https:\/\/jadragardshotel.se\/en\/wp-json\/wp\/v2\/types\/page"}],"author":[{"embeddable":true,"href":"https:\/\/jadragardshotel.se\/en\/wp-json\/wp\/v2\/users\/3"}],"replies":[{"embeddable":true,"href":"https:\/\/jadragardshotel.se\/en\/wp-json\/wp\/v2\/comments?post=175"}],"version-history":[{"count":4,"href":"https:\/\/jadragardshotel.se\/en\/wp-json\/wp\/v2\/pages\/175\/revisions"}],"predecessor-version":[{"id":208,"href":"https:\/\/jadragardshotel.se\/en\/wp-json\/wp\/v2\/pages\/175\/revisions\/208"}],"up":[{"embeddable":true,"href":"https:\/\/jadragardshotel.se\/en\/wp-json\/wp\/v2\/pages\/149"}],"wp:attachment":[{"href":"https:\/\/jadragardshotel.se\/en\/wp-json\/wp\/v2\/media?parent=175"}],"curies":[{"name":"wp","href":"https:\/\/api.w.org\/{rel}","templated":true}]}}