{"id":23,"date":"2016-10-07T10:50:39","date_gmt":"2016-10-07T10:50:39","guid":{"rendered":"https:\/\/jadragardshotel.se\/?page_id=23"},"modified":"2024-11-09T15:11:51","modified_gmt":"2024-11-09T14:11:51","slug":"om-jadra-gardshotell","status":"publish","type":"page","link":"https:\/\/jadragardshotel.se\/en\/om-jadra-gardshotell\/","title":{"rendered":"About J\u00e4dra G\u00e5rdshotel"},"content":{"rendered":"<h4><strong>\u00a0\u00a0\u00a0\u00a0\u00a0\u00a0\u00a0\u00a0\u00a0\u00a0\u00a0\u00a0\u00a0\u00a0\u00a0\u00a0\u00a0\u00a0\u00a0\u00a0\u00a0\u00a0 J\u00e4dra G\u00e5rdshotel &#8211; ett h\u00e5llbart B&amp;B Hotell n\u00e4ra naturen och Enk\u00f6ping.<\/strong><\/h4>\n<p>J\u00e4dra G\u00e5rd ligger i ett omr\u00e5de med en rik historia och vacker milj\u00f6 d\u00e4r folk har bott och levt sedan sten\u00e5ldern. J\u00e4dra har omn\u00e4mnts som plats sedan 1300-talet. Genom \u00e5rhundraden har g\u00e5rden drivits som jordbruk och blev stor nog f\u00f6r att b\u00e4ra den dyra investeringen av en v\u00e4llingklocka. Klockan sitter \u00e4n idag p\u00e5 det gamla magasinet ovanf\u00f6r g\u00e5rdshotellets parkering. (V\u00e4llingklockan anv\u00e4ndes att ringa hem folket fr\u00e5n \u00e4gorna vid arbetsdagens slut). En plats som \u00e4r vacker och med en l\u00e5ng historia av folk som levt d\u00e4r allt sedan sten\u00e5ldern \u00e4r en plats d\u00e4r vi g\u00e4rna sj\u00e4lva vill bo. En plats d\u00e4r man g\u00e4rna sj\u00e4lv vill bo \u00e4r en bra plats f\u00f6r ett g\u00e5rdshotell.<\/p>\n<p>J\u00e4dra G\u00e5rdshotel som invigdes \u00e5r 2020 \u00e4r byggt och konstruerat i tr\u00e4. Att bygga i tr\u00e4 \u00e4r ett h\u00e5llbart s\u00e4tt att bygga och bidrar till en minskad klimatp\u00e5verkan. Det \u00e4r dessutom bevisat att m\u00e4nniskor m\u00e5r b\u00e4ttre i att vistas i milj\u00f6er med mycket tr\u00e4. Hotellet har en analytisk dimensionerad ventilation, det \u00e4r enkel, smart och h\u00e5llbar teknik. Uppv\u00e4rmningen och varmvatten framst\u00e4lls med hj\u00e4lp av bergv\u00e4rme. Solcellerna producerar all el som f\u00f6rutom att det t\u00e4cker hotellets behov \u00e4ven r\u00e4cker till elbilsladdare och \u00f6vrig f\u00f6rbrukning p\u00e5 g\u00e5rden. Sopsortering \u00e4r en sj\u00e4lvklarhet och hotelltv\u00e4tten l\u00e4mnas bort f\u00f6r en h\u00e5llbar och milj\u00f6v\u00e4nlig produktion. Avloppsvattnet renas i v\u00e5rt reningsverk innan det g\u00e5r tillbaka till naturen via \u00e5kerdr\u00e4neringen. V\u00e5rt \u00f6vergripande m\u00e5l \u00e4r att naturen p\u00e5 J\u00e4dra G\u00e5rd ska vara minst lika v\u00e4lm\u00e5ende som den dagen vi kom hit f\u00f6r f\u00f6rsta g\u00e5ngen i b\u00f6rjan av 2000- talet<\/p>\n<h4><strong>Our hotel rooms<\/strong><\/h4>\n<p>J\u00e4dra G\u00e5rdshotel har \u00e5tta mysiga rum med sk\u00f6na s\u00e4ngar som \u00e4r gjorda f\u00f6r vilsamma n\u00e4tter. Alla rummen har egna badrum, Tv och gratis Wifi. Ett av v\u00e5ra rum har h\u00f6g tillg\u00e4nglighet. I n\u00e5gra av v\u00e5ra rum \u00e4r du v\u00e4lkommen att ta med din <strong><a href=\"https:\/\/jadragardshotel.se\/en\/ta-med-hunden-pa-hotell\/\">dog<\/a> <\/strong>.<\/p>\n<h4><strong>History &amp; Culture<\/strong><\/h4>\n<p>J\u00e4dra G\u00e5rdshotel ligger i <a href=\"https:\/\/www.fjardhundraland.se\/\" target=\"_blank\" rel=\"noopener\">Fj\u00e4rdhundraland<\/a> som har en historia som str\u00e4cker sig l\u00e5ngt bortom vikingatiden. H\u00e4r finner du gamla boplatser en m\u00e4ngd medeltida kyrkor, or\u00e4kneliga sev\u00e4rdheter och runstenar. <a href=\"http:\/\/www.fjardhundraland.se\/\" target=\"_blank\" rel=\"noopener\">Fj\u00e4rdhundraland<\/a> \u00e4r idag ett kluster av flera hundra lokala f\u00f6retagare som driver butiker, kaf\u00e9er och mat hantverk av en m\u00e4ngd olika slag. Det som \u00e4r mest sp\u00e4nnande \u00e4r att det hela tiden tillkommer nya producenter, matst\u00e4llen och butiker. Omr\u00e5det \u00e4r i dag en destination med engagerade sm\u00e5 f\u00f6retagare som med nyskapande driver en h\u00e5llbar utveckling men med r\u00f6tterna f\u00f6rankrade i den historia ur vilken landet Sverige en g\u00e5ng f\u00f6ddes.<\/p>\n<h4>Policy &amp; M\u00e5l<\/h4>\n<ol>\n<li><strong>Energibesparing<\/strong>: Hotellet anv\u00e4nder energieffektiva apparater och belysning f\u00f6r att minska energif\u00f6rbrukningen. 146 st installerade solpaneler producera f\u00f6rnybar energi.<\/li>\n<li>Vattenbesparing: Genom att installera vattensn\u00e5la duschar och toaletter samt uppmuntra g\u00e4sterna att \u00e5teranv\u00e4nda handdukar, minskar hotellet sin vattenf\u00f6rbrukning.<\/li>\n<li>Vattenrening: Avloppsvattnet renas i ett reningsverk innan allt vatten g\u00e5r tillbaka till naturen via v\u00e5r \u00e5kerdr\u00e4nering.<\/li>\n<li>Avfallshantering: J\u00e4dra G\u00e5rdshotel har ett omfattande \u00e5tervinningsprogram inklusive kompostering och arbetar aktivt f\u00f6r att minska m\u00e4ngden avfall.<\/li>\n<li>Lokala och ekologiska produkter: Hotellet anv\u00e4nder lokalt producerade produkter och r\u00e5varor till sin frukost. Detta st\u00f6djer lokala b\u00f6nder och minskar transportutsl\u00e4pp.<\/li>\n<li>Ekonomi: Hotellet \u00e4r en del av den lokala ekonomin och samverkar aktivt med lokala f\u00f6retag p\u00e5 landsbygden genom n\u00e4tverket <a href=\"https:\/\/www.fjardhundraland.se\/\" target=\"_blank\" rel=\"noopener\">Fj\u00e4rdhundraland<\/a><\/li>\n<li>Milj\u00f6v\u00e4nliga reng\u00f6ringsprodukter: F\u00f6r att minska kemikalieanv\u00e4ndningen anv\u00e4nder hotellet milj\u00f6v\u00e4nliga reng\u00f6ringsprodukter.<\/li>\n<li>Cykeluthyrning och elbilsladdning: F\u00f6r att uppmuntra h\u00e5llbara transportalternativ erbjuder hotellet cykeluthyrning och har laddstationer f\u00f6r elbilar.<\/li>\n<\/ol>\n\n\n<p><\/p>","protected":false},"excerpt":{"rendered":"<p>\u00a0\u00a0\u00a0\u00a0\u00a0\u00a0\u00a0\u00a0\u00a0\u00a0\u00a0\u00a0\u00a0\u00a0\u00a0\u00a0\u00a0\u00a0\u00a0\u00a0\u00a0\u00a0 J\u00e4dra G\u00e5rdshotel &#8211; ett h\u00e5llbart B&amp;B Hotell n\u00e4ra naturen och Enk\u00f6ping. J\u00e4dra G\u00e5rd ligger i ett omr\u00e5de med en rik historia och vacker milj\u00f6 d\u00e4r folk har bott och levt sedan sten\u00e5ldern. J\u00e4dra har omn\u00e4mnts som plats sedan 1300-talet. Genom \u00e5rhundraden har g\u00e5rden drivits som jordbruk och blev stor nog f\u00f6r att b\u00e4ra den&#160;[&#8230;] <\/p>\n<p><a href=\"https:\/\/jadragardshotel.se\/en\/om-jadra-gardshotell\/\" title=\"\" class=\"more-link\">Continue&#160;reading&#160;&#8230;<\/a><\/p>\n","protected":false},"author":3,"featured_media":0,"parent":0,"menu_order":0,"comment_status":"closed","ping_status":"closed","template":"","meta":{"_acf_changed":false,"_uag_custom_page_level_css":"","footnotes":""},"class_list":["post-23","page","type-page","status-publish","hentry"],"acf":[],"featured_image_src":null,"featured_image_src_square":null,"uagb_featured_image_src":{"full":false,"thumbnail":false,"medium":false,"medium_large":false,"large":false,"1536x1536":false,"2048x2048":false,"trp-custom-language-flag":false,"post-thumbnail":false,"ab-block-post-grid-landscape":false,"ab-block-post-grid-square":false},"uagb_author_info":{"display_name":"matsthorburn","author_link":"https:\/\/jadragardshotel.se\/en\/author\/matsthorburn\/"},"uagb_comment_info":0,"uagb_excerpt":"\u00a0\u00a0\u00a0\u00a0\u00a0\u00a0\u00a0\u00a0\u00a0\u00a0\u00a0\u00a0\u00a0\u00a0\u00a0\u00a0\u00a0\u00a0\u00a0\u00a0\u00a0\u00a0 J\u00e4dra G\u00e5rdshotel &#8211; ett h\u00e5llbart B&amp;B Hotell n\u00e4ra naturen och Enk\u00f6ping. J\u00e4dra G\u00e5rd ligger i ett omr\u00e5de med en rik historia och vacker milj\u00f6 d\u00e4r folk har bott och levt sedan sten\u00e5ldern. J\u00e4dra har omn\u00e4mnts som plats sedan 1300-talet. Genom \u00e5rhundraden har g\u00e5rden drivits som jordbruk och blev stor nog f\u00f6r att b\u00e4ra den&#160;[&#8230;]&hellip;","jetpack_sharing_enabled":true,"_links":{"self":[{"href":"https:\/\/jadragardshotel.se\/en\/wp-json\/wp\/v2\/pages\/23","targetHints":{"allow":["GET"]}}],"collection":[{"href":"https:\/\/jadragardshotel.se\/en\/wp-json\/wp\/v2\/pages"}],"about":[{"href":"https:\/\/jadragardshotel.se\/en\/wp-json\/wp\/v2\/types\/page"}],"author":[{"embeddable":true,"href":"https:\/\/jadragardshotel.se\/en\/wp-json\/wp\/v2\/users\/3"}],"replies":[{"embeddable":true,"href":"https:\/\/jadragardshotel.se\/en\/wp-json\/wp\/v2\/comments?post=23"}],"version-history":[{"count":75,"href":"https:\/\/jadragardshotel.se\/en\/wp-json\/wp\/v2\/pages\/23\/revisions"}],"predecessor-version":[{"id":753,"href":"https:\/\/jadragardshotel.se\/en\/wp-json\/wp\/v2\/pages\/23\/revisions\/753"}],"wp:attachment":[{"href":"https:\/\/jadragardshotel.se\/en\/wp-json\/wp\/v2\/media?parent=23"}],"curies":[{"name":"wp","href":"https:\/\/api.w.org\/{rel}","templated":true}]}}