{"id":33,"date":"2016-10-07T13:57:25","date_gmt":"2016-10-07T13:57:25","guid":{"rendered":"https:\/\/jadragardshotel.se\/?page_id=33"},"modified":"2025-09-09T10:06:20","modified_gmt":"2025-09-09T08:06:20","slug":"jadra-gardshotel","status":"publish","type":"page","link":"https:\/\/jadragardshotel.se\/en\/","title":{"rendered":"J\u00e4dra G\u00e5rdshotel"},"content":{"rendered":"<div class=\"wp-block-cover\"><img loading=\"lazy\" decoding=\"async\" width=\"2500\" height=\"1877\" class=\"wp-block-cover__image-background wp-image-197\" alt=\"\" src=\"https:\/\/jadragardshotel.se\/wp-content\/uploads\/2019\/11\/jacc88dra-gacc8ardshotel-191025-215.jpg\" style=\"object-position:29% 100%\" data-object-fit=\"cover\" data-object-position=\"29% 100%\" srcset=\"https:\/\/jadragardshotel.se\/wp-content\/uploads\/2019\/11\/jacc88dra-gacc8ardshotel-191025-215.jpg 2500w, https:\/\/jadragardshotel.se\/wp-content\/uploads\/2019\/11\/jacc88dra-gacc8ardshotel-191025-215-300x225.jpg 300w, https:\/\/jadragardshotel.se\/wp-content\/uploads\/2019\/11\/jacc88dra-gacc8ardshotel-191025-215-768x577.jpg 768w, https:\/\/jadragardshotel.se\/wp-content\/uploads\/2019\/11\/jacc88dra-gacc8ardshotel-191025-215-1024x769.jpg 1024w\" sizes=\"auto, (max-width: 2500px) 100vw, 2500px\" \/><span aria-hidden=\"true\" class=\"wp-block-cover__background has-very-dark-gray-background-color has-background-dim-40 has-background-dim\"><\/span><div class=\"wp-block-cover__inner-container is-layout-flow wp-block-cover-is-layout-flow\">\n<h3 class=\"wp-block-heading has-text-align-center uppercase\">J\u00e4dra G\u00e5rdshotel<\/h3>\n\n\n\n<p class=\"has-text-align-center\" style=\"font-size:35px\">A hotel close to town and nature<\/p>\n\n\n\n<div class=\"wp-block-button aligncenter\"><a class=\"wp-block-button__link has-very-dark-gray-color has-luminous-vivid-amber-background-color has-text-color has-background wp-element-button\" href=\"https:\/\/jadragardshotel.se\/en\/boka-rum\/\">Book now!<\/a><\/div>\n<\/div><\/div>\n\n\n\n<hr class=\"wp-block-separator has-css-opacity\"\/>\n\n\n\n<h2 class=\"wp-block-heading has-text-align-center\">A cozy hotel in Enk\u00f6ping <\/h2>\n\n\n\n<p class=\"ingress no-dynamic-translation\"><strong>J\u00e4dra G\u00e5rdshotel<\/strong> \u00e4r ett Bed &amp; Breakfast <strong>Hotels in Enk\u00f6ping<\/strong> - only minutes from central Enk\u00f6ping and within an hour from Stockholm, Uppsala and V\u00e4ster\u00e5s. Here at <a aria-label=\"J\u00e4dra G\u00e5rd (opens in a new tab)\" class=\"rank-math-link\" href=\"https:\/\/jadra.se\/\" target=\"_blank\" rel=\"noreferrer noopener\">J\u00e4dra G\u00e5rd<\/a> har vi \u00e5r 2020 byggt ett mysigt g\u00e5rdshotell n\u00e4ra v\u00e5ra h\u00e4star och hagar med \u00e5tta fina rum och stora sk\u00f6na s\u00e4ngar. Gratis trygg parkering och \u00e4ven laddstolpar f\u00f6r elbilar finns. Perfekt f\u00f6r Dig som reser i jobbet eller f\u00f6r Er som bes\u00f6ker det fantastiska <a href=\"http:\/\/www.fjardhundraland.se\/\" target=\"_blank\" rel=\"noopener\">Fj\u00e4rdhundraland<\/a>. <em>\u00c4ven hunden \u00e4r v\u00e4lkommen till J\u00e4dra G\u00e5rdshotel!<\/em><\/p>\n\n\n\n<p class=\"ingress no-dynamic-translation\"><\/p>\n\n\n\n<div class=\"wp-block-atomic-blocks-ab-columns ab-layout-service-3 ab-layout-columns-2 ab-2-col-equal has-very-light-gray-background-color ab-columns-center alignfull\" style=\"padding-top:6%;padding-bottom:6%\"><div class=\"ab-layout-column-wrap ab-block-layout-column-gap-3 ab-is-responsive-column\" style=\"max-width:1126px\">\n<div class=\"wp-block-atomic-blocks-ab-column ab-block-layout-column\"><div class=\"ab-block-layout-column-inner\">\n<figure class=\"wp-block-image size-large is-resized nopadding is-style-circle-mask\"><img loading=\"lazy\" decoding=\"async\" width=\"1024\" height=\"769\" src=\"https:\/\/jadragardshotel.se\/wp-content\/uploads\/2019\/11\/jacc88dra-gacc8ardshotel-hacc88st-1024x769.jpg\" alt=\"\" class=\"wp-image-200\" style=\"width:506px;height:382px\" srcset=\"https:\/\/jadragardshotel.se\/wp-content\/uploads\/2019\/11\/jacc88dra-gacc8ardshotel-hacc88st-1024x769.jpg 1024w, https:\/\/jadragardshotel.se\/wp-content\/uploads\/2019\/11\/jacc88dra-gacc8ardshotel-hacc88st-300x225.jpg 300w, https:\/\/jadragardshotel.se\/wp-content\/uploads\/2019\/11\/jacc88dra-gacc8ardshotel-hacc88st-768x577.jpg 768w\" sizes=\"auto, (max-width: 1024px) 100vw, 1024px\" \/><\/figure>\n<\/div><\/div>\n\n\n\n<div class=\"wp-block-atomic-blocks-ab-column ab-block-layout-column ab-is-vertically-aligned-center\"><div class=\"ab-block-layout-column-inner\">\n<h2 class=\"wp-block-heading\">Close &amp; easy<\/h2>\n\n\n\n<ul class=\"wp-block-list nopadding no-dynamic-translation\">\n<li>Easy and secure parking<\/li>\n\n\n\n<li>5 minutes from <strong>Enkoping<\/strong><\/li>\n\n\n\n<li class=\"translation-block\">45 minutes from <strong>Arlanda<\/strong><\/li>\n\n\n\n<li class=\"translation-block\"><strong>50 minutes from <strong>Stockholm<\/strong><\/strong><\/li>\n\n\n\n<li>0 minutes to nature<\/li>\n\n\n\n<li>Avbokning 24 tim. f\u00f6re ankomst<\/li>\n<\/ul>\n\n\n\n<div class=\"wp-block-atomic-blocks-ab-button no-dynamic-translation ab-block-button\"><a href=\"https:\/\/jadragardshotel.se\/en\/boka-rum\/\" class=\"ab-button ab-button-shape-circular ab-button-size-medium\" style=\"color:#313131;background-color:#fcb900\">Reserve a room<\/a><\/div>\n\n\n\n<p><\/p>\n<\/div><\/div>\n<\/div><\/div>\n\n\n\n<iframe loading=\"lazy\" style=\"margin-top:15px\" src=\"https:\/\/www.google.com\/maps\/embed?pb=!1m18!1m12!1m3!1d515189.0297357169!2d16.610236422167354!3d59.71058483534584!2m3!1f0!2f0!3f0!3m2!1i1024!2i768!4f13.1!3m3!1m2!1s0x465e45c0269c82ff%3A0xf6dcb0a38792ec60!2zSsOkZHJhIEfDpXJk!5e0!3m2!1ssv!2sse!4v1568534817656!5m2!1ssv!2sse\" allowfullscreen=\"\" width=\"100%\" height=\"400\" frameborder=\"0\"><\/iframe>\n\n\n\n<div class=\"wp-block-atomic-blocks-ab-columns ab-layout-team-1 ab-layout-columns-1 one-column ab-has-custom-background-color ab-columns-center alignfull\" style=\"padding-top:10%;padding-right:5%;padding-bottom:15%;padding-left:5%;background-color:#f1f1f1\"><div class=\"ab-layout-column-wrap ab-block-layout-column-gap-2 ab-is-responsive-column\" style=\"max-width:823px\">\n<div class=\"wp-block-atomic-blocks-ab-column ab-block-layout-column\"><div class=\"ab-block-layout-column-inner\">\n<div style=\"margin-bottom:5%\" class=\"wp-block-atomic-blocks-ab-container ab-block-container\"><div class=\"ab-container-inside\"><div class=\"ab-container-content\" style=\"max-width:700px\">\n<h2 class=\"wp-block-heading has-text-align-center no-dynamic-translation\"><em>Experiences, not just accommodation<\/em><\/h2>\n\n\n\n<p class=\"has-text-align-center no-dynamic-translation translation-block\">Here is the <strong>nature<\/strong> around the knot. We help you with <strong>bicycle packages<\/strong> and to choose from everything there is to experience in <strong>Fj\u00e4rdhundraland<\/strong> .<\/p>\n<\/div><\/div><\/div>\n\n\n\n<div class=\"wp-block-atomic-blocks-ab-columns ab-layout-columns-3 ab-3-col-equal\"><div class=\"ab-layout-column-wrap ab-block-layout-column-gap-2 ab-is-responsive-column\">\n<div class=\"wp-block-atomic-blocks-ab-column ab-block-layout-column\"><div class=\"ab-block-layout-column-inner\">\n<div style=\"background-color:#f2f2f2;color:#32373c\" class=\"wp-block-atomic-blocks-ab-profile-box no-dynamic-translation square ab-has-avatar ab-font-size-18 ab-block-profile ab-profile-columns\"><div class=\"ab-profile-column ab-profile-avatar-wrap\"><div class=\"ab-profile-image-wrap\"><figure class=\"ab-profile-image-square\"><img loading=\"lazy\" decoding=\"async\" width=\"2500\" height=\"1656\" class=\"ab-profile-avatar wp-image-300\" src=\"https:\/\/jadragardshotel.se\/wp-content\/uploads\/2019\/12\/natur.jpg\" alt=\"\" srcset=\"https:\/\/jadragardshotel.se\/wp-content\/uploads\/2019\/12\/natur.jpg 2500w, https:\/\/jadragardshotel.se\/wp-content\/uploads\/2019\/12\/natur-300x199.jpg 300w, https:\/\/jadragardshotel.se\/wp-content\/uploads\/2019\/12\/natur-1024x678.jpg 1024w, https:\/\/jadragardshotel.se\/wp-content\/uploads\/2019\/12\/natur-768x509.jpg 768w, https:\/\/jadragardshotel.se\/wp-content\/uploads\/2019\/12\/natur-1536x1017.jpg 1536w, https:\/\/jadragardshotel.se\/wp-content\/uploads\/2019\/12\/natur-2048x1357.jpg 2048w\" sizes=\"auto, (max-width: 2500px) 100vw, 2500px\" \/><\/figure><\/div><\/div><div class=\"ab-profile-column ab-profile-content-wrap\"><h2 class=\"ab-profile-name\" style=\"color:#32373c\">nature experiences<\/h2><p class=\"ab-profile-title\" style=\"color:#32373c\"><em>Here nature is close<\/em><\/p><div class=\"ab-profile-text\"><p>Nature is waiting beyond the knot, right outside the hotel. Go out into the woods, hike the Uppland Trail or take a bike ride.<\/p><\/div><ul class=\"ab-social-links\"><\/ul><\/div><\/div>\n<\/div><\/div>\n\n\n\n<div class=\"wp-block-atomic-blocks-ab-column ab-block-layout-column\"><div class=\"ab-block-layout-column-inner\">\n<div style=\"background-color:#f2f2f2;color:#32373c\" class=\"wp-block-atomic-blocks-ab-profile-box no-dynamic-translation square ab-has-avatar ab-font-size-18 ab-block-profile ab-profile-columns\"><div class=\"ab-profile-column ab-profile-avatar-wrap\"><div class=\"ab-profile-image-wrap\"><figure class=\"ab-profile-image-square\"><img loading=\"lazy\" decoding=\"async\" width=\"1875\" height=\"2500\" class=\"ab-profile-avatar wp-image-189\" src=\"https:\/\/jadragardshotel.se\/wp-content\/uploads\/2019\/11\/cykla.jpg\" alt=\"\" srcset=\"https:\/\/jadragardshotel.se\/wp-content\/uploads\/2019\/11\/cykla.jpg 1875w, https:\/\/jadragardshotel.se\/wp-content\/uploads\/2019\/11\/cykla-225x300.jpg 225w, https:\/\/jadragardshotel.se\/wp-content\/uploads\/2019\/11\/cykla-768x1024.jpg 768w\" sizes=\"auto, (max-width: 1875px) 100vw, 1875px\" \/><\/figure><\/div><\/div><div class=\"ab-profile-column ab-profile-content-wrap\"><h2 class=\"ab-profile-name\" style=\"color:#32373c\">Cycling<\/h2><p class=\"ab-profile-title\" style=\"color:#32373c\"><em>Bicycle packages and bicycle tours<\/em><\/p><div class=\"ab-profile-text\"><p>Lovely cycling experiences await! We help you with the bike ride on Fj\u00e4rdhundraland&#039;s small roads.<\/p><p><a href=\"https:\/\/jadragardshotel.se\/en\/aktiviteter\/\">read more here<\/a>.<\/p><\/div><ul class=\"ab-social-links\"><\/ul><\/div><\/div>\n<\/div><\/div>\n\n\n\n<div class=\"wp-block-atomic-blocks-ab-column ab-block-layout-column\"><div class=\"ab-block-layout-column-inner\">\n<div style=\"background-color:#f2f2f2;color:#32373c\" class=\"wp-block-atomic-blocks-ab-profile-box no-dynamic-translation square ab-has-avatar ab-font-size-18 ab-block-profile ab-profile-columns\"><div class=\"ab-profile-column ab-profile-avatar-wrap\"><div class=\"ab-profile-image-wrap\"><figure class=\"ab-profile-image-square\"><img loading=\"lazy\" decoding=\"async\" width=\"2000\" height=\"1502\" class=\"ab-profile-avatar wp-image-191\" src=\"https:\/\/jadragardshotel.se\/wp-content\/uploads\/2019\/11\/landsberga-gacc8ardsbutik-invigning-010618-39.jpg\" alt=\"\" srcset=\"https:\/\/jadragardshotel.se\/wp-content\/uploads\/2019\/11\/landsberga-gacc8ardsbutik-invigning-010618-39.jpg 2000w, https:\/\/jadragardshotel.se\/wp-content\/uploads\/2019\/11\/landsberga-gacc8ardsbutik-invigning-010618-39-300x225.jpg 300w, https:\/\/jadragardshotel.se\/wp-content\/uploads\/2019\/11\/landsberga-gacc8ardsbutik-invigning-010618-39-768x577.jpg 768w, https:\/\/jadragardshotel.se\/wp-content\/uploads\/2019\/11\/landsberga-gacc8ardsbutik-invigning-010618-39-1024x769.jpg 1024w\" sizes=\"auto, (max-width: 2000px) 100vw, 2000px\" \/><\/figure><\/div><\/div><div class=\"ab-profile-column ab-profile-content-wrap\"><h2 class=\"ab-profile-name\" style=\"color:#32373c\">Fj\u00e4rdhundraland<\/h2><p class=\"ab-profile-title\" style=\"color:#32373c\"><em>Farm shops, locally produced food and historical experiences in the countryside<\/em><\/p><div class=\"ab-profile-text\"><p>J\u00e4dra G\u00e5rd is part of Fj\u00e4rdhundraland, the area where you will find lots of good local food, nice cafes and interesting history.<\/p><p>read more about <a href=\"https:\/\/www.fjardhundraland.se\/\" target=\"_blank\" rel=\"noopener\">Fj\u00e4rdhundraland<\/a>.<\/p><\/div><ul class=\"ab-social-links\"><\/ul><\/div><\/div>\n<\/div><\/div>\n<\/div><\/div>\n\n\n<div class=\"wp-block-image\">\n<figure class=\"aligncenter size-large is-resized\"><a href=\"https:\/\/www.fjardhundraland.se\/\" target=\"_blank\" rel=\"noopener noreferrer\"><img loading=\"lazy\" decoding=\"async\" width=\"500\" height=\"500\" src=\"https:\/\/jadragardshotel.se\/wp-content\/uploads\/2020\/06\/medlem-fjardhundraland-stora-turismpriset-vit-bakgrund-500.png\" alt=\"\" class=\"wp-image-521\" style=\"width:305px;height:305px\" srcset=\"https:\/\/jadragardshotel.se\/wp-content\/uploads\/2020\/06\/medlem-fjardhundraland-stora-turismpriset-vit-bakgrund-500.png 500w, https:\/\/jadragardshotel.se\/wp-content\/uploads\/2020\/06\/medlem-fjardhundraland-stora-turismpriset-vit-bakgrund-500-300x300.png 300w, https:\/\/jadragardshotel.se\/wp-content\/uploads\/2020\/06\/medlem-fjardhundraland-stora-turismpriset-vit-bakgrund-500-150x150.png 150w\" sizes=\"auto, (max-width: 500px) 100vw, 500px\" \/><\/a><\/figure>\n<\/div>\n\n\n<p><\/p>\n<\/div><\/div>\n<\/div><\/div>","protected":false},"excerpt":{"rendered":"<p>Ett mysigt hotell i Enk\u00f6ping J\u00e4dra G\u00e5rdshotel \u00e4r ett Bed &amp; Breakfast Hotell i Enk\u00f6ping \u2013 endast n\u00e5gra minuter fr\u00e5n centrala Enk\u00f6ping. H\u00e4r p\u00e5 J\u00e4dra G\u00e5rd har vi \u00e5r 2020 byggt ett mysigt g\u00e5rdshotell n\u00e4ra v\u00e5ra h\u00e4star och hagar med \u00e5tta fina rum och stora sk\u00f6na s\u00e4ngar. Gratis trygg parkering och \u00e4ven laddstolpar f\u00f6r elbilar&#160;[&#8230;] <\/p>\n<p><a href=\"https:\/\/jadragardshotel.se\/en\/\" title=\"\" class=\"more-link\">Continue&#160;reading&#160;&#8230;<\/a><\/p>\n","protected":false},"author":3,"featured_media":0,"parent":0,"menu_order":0,"comment_status":"closed","ping_status":"closed","template":"","meta":{"_acf_changed":false,"_uag_custom_page_level_css":"","footnotes":""},"class_list":["post-33","page","type-page","status-publish","hentry"],"acf":[],"featured_image_src":null,"featured_image_src_square":null,"uagb_featured_image_src":{"full":false,"thumbnail":false,"medium":false,"medium_large":false,"large":false,"1536x1536":false,"2048x2048":false,"trp-custom-language-flag":false,"post-thumbnail":false,"ab-block-post-grid-landscape":false,"ab-block-post-grid-square":false},"uagb_author_info":{"display_name":"matsthorburn","author_link":"https:\/\/jadragardshotel.se\/en\/author\/matsthorburn\/"},"uagb_comment_info":0,"uagb_excerpt":"Ett mysigt hotell i Enk\u00f6ping J\u00e4dra G\u00e5rdshotel \u00e4r ett Bed &amp; Breakfast Hotell i Enk\u00f6ping \u2013 endast n\u00e5gra minuter fr\u00e5n centrala Enk\u00f6ping. H\u00e4r p\u00e5 J\u00e4dra G\u00e5rd har vi \u00e5r 2020 byggt ett mysigt g\u00e5rdshotell n\u00e4ra v\u00e5ra h\u00e4star och hagar med \u00e5tta fina rum och stora sk\u00f6na s\u00e4ngar. Gratis trygg parkering och \u00e4ven laddstolpar f\u00f6r elbilar&#160;[&#8230;]&hellip;","jetpack_sharing_enabled":true,"_links":{"self":[{"href":"https:\/\/jadragardshotel.se\/en\/wp-json\/wp\/v2\/pages\/33","targetHints":{"allow":["GET"]}}],"collection":[{"href":"https:\/\/jadragardshotel.se\/en\/wp-json\/wp\/v2\/pages"}],"about":[{"href":"https:\/\/jadragardshotel.se\/en\/wp-json\/wp\/v2\/types\/page"}],"author":[{"embeddable":true,"href":"https:\/\/jadragardshotel.se\/en\/wp-json\/wp\/v2\/users\/3"}],"replies":[{"embeddable":true,"href":"https:\/\/jadragardshotel.se\/en\/wp-json\/wp\/v2\/comments?post=33"}],"version-history":[{"count":97,"href":"https:\/\/jadragardshotel.se\/en\/wp-json\/wp\/v2\/pages\/33\/revisions"}],"predecessor-version":[{"id":779,"href":"https:\/\/jadragardshotel.se\/en\/wp-json\/wp\/v2\/pages\/33\/revisions\/779"}],"wp:attachment":[{"href":"https:\/\/jadragardshotel.se\/en\/wp-json\/wp\/v2\/media?parent=33"}],"curies":[{"name":"wp","href":"https:\/\/api.w.org\/{rel}","templated":true}]}}